{"id":17,"date":"2024-02-26T18:53:00","date_gmt":"2024-02-26T18:53:00","guid":{"rendered":"https:\/\/veggiehouse.nl\/?page_id=17"},"modified":"2024-07-24T12:20:58","modified_gmt":"2024-07-24T12:20:58","slug":"about-us","status":"publish","type":"page","link":"https:\/\/veggiehouse.nl\/it\/about-us\/","title":{"rendered":"Chi siamo"},"content":{"rendered":"<div data-elementor-type=\"wp-page\" data-elementor-id=\"17\" class=\"elementor elementor-17\" data-elementor-post-type=\"page\">\n\t\t\t\t<div class=\"elementor-element elementor-element-901e063 e-flex e-con-boxed e-con e-parent\" data-id=\"901e063\" data-element_type=\"container\" data-e-type=\"container\">\n\t\t\t\t\t<div class=\"e-con-inner\">\n\t\t\t\t<div class=\"elementor-element elementor-element-7ddc44d elementor-widget elementor-widget-heading\" data-id=\"7ddc44d\" data-element_type=\"widget\" data-e-type=\"widget\" data-widget_type=\"heading.default\">\n\t\t\t\t<div class=\"elementor-widget-container\">\n\t\t\t\t\t<h2 class=\"elementor-heading-title elementor-size-default\">Chi siamo<\/h2>\t\t\t\t<\/div>\n\t\t\t\t<\/div>\n\t\t\t\t\t<\/div>\n\t\t\t\t<\/div>\n\t\t<div class=\"elementor-element elementor-element-503aeda e-flex e-con-boxed e-con e-parent\" data-id=\"503aeda\" data-element_type=\"container\" data-e-type=\"container\">\n\t\t\t\t\t<div class=\"e-con-inner\">\n\t\t<div class=\"elementor-element elementor-element-2346329 e-con-full e-flex e-con e-child\" data-id=\"2346329\" data-element_type=\"container\" data-e-type=\"container\">\n\t\t\t\t<div class=\"elementor-element elementor-element-6ab3cb9 elementor-widget__width-initial elementor-widget elementor-widget-image\" data-id=\"6ab3cb9\" data-element_type=\"widget\" data-e-type=\"widget\" data-widget_type=\"image.default\">\n\t\t\t\t<div class=\"elementor-widget-container\">\n\t\t\t\t\t\t\t\t\t\t\t\t\t\t\t<img fetchpriority=\"high\" decoding=\"async\" width=\"800\" height=\"534\" src=\"https:\/\/veggiehouse.nl\/wp-content\/uploads\/2024\/04\/20240413_VeggieHouse_Pand-1024x683.webp\" class=\"attachment-large size-large wp-image-492\" alt=\"\" srcset=\"https:\/\/veggiehouse.nl\/wp-content\/uploads\/2024\/04\/20240413_VeggieHouse_Pand-1024x683.webp 1024w, https:\/\/veggiehouse.nl\/wp-content\/uploads\/2024\/04\/20240413_VeggieHouse_Pand-300x200.webp 300w, https:\/\/veggiehouse.nl\/wp-content\/uploads\/2024\/04\/20240413_VeggieHouse_Pand-768x512.webp 768w, https:\/\/veggiehouse.nl\/wp-content\/uploads\/2024\/04\/20240413_VeggieHouse_Pand-1536x1024.webp 1536w, https:\/\/veggiehouse.nl\/wp-content\/uploads\/2024\/04\/20240413_VeggieHouse_Pand-2048x1365.webp 2048w, https:\/\/veggiehouse.nl\/wp-content\/uploads\/2024\/04\/20240413_VeggieHouse_Pand-18x12.webp 18w\" sizes=\"(max-width: 800px) 100vw, 800px\" \/>\t\t\t\t\t\t\t\t\t\t\t\t\t\t\t<\/div>\n\t\t\t\t<\/div>\n\t\t\t\t<\/div>\n\t\t<div class=\"elementor-element elementor-element-ae7f1fb e-con-full e-flex e-con e-child\" data-id=\"ae7f1fb\" data-element_type=\"container\" data-e-type=\"container\">\n\t\t<div class=\"elementor-element elementor-element-d144957 e-flex e-con-boxed e-con e-child\" data-id=\"d144957\" data-element_type=\"container\" data-e-type=\"container\">\n\t\t\t\t\t<div class=\"e-con-inner\">\n\t\t\t\t<div class=\"elementor-element elementor-element-1a5d9f3 elementor-widget elementor-widget-text-editor\" data-id=\"1a5d9f3\" data-element_type=\"widget\" data-e-type=\"widget\" data-widget_type=\"text-editor.default\">\n\t\t\t\t<div class=\"elementor-widget-container\">\n\t\t\t\t\t\t\t\t\t<p>Alla VeggieHouse lavoriamo con passione per fornire frutta e verdura fresche e della migliore qualit\u00e0 ai clienti in tutta Europa. Siamo fieri sostenitori dell\u2019approccio \u201cdal campo alla tavola\u201d e ci dedichiamo con attenzione e cura all\u2019esportazione dei prodotti che la natura ci offre per farli arrivare direttamente nel tuo piatto.<\/p>\t\t\t\t\t\t\t\t<\/div>\n\t\t\t\t<\/div>\n\t\t\t\t\t<\/div>\n\t\t\t\t<\/div>\n\t\t<div class=\"elementor-element elementor-element-5a8a8d0 e-flex e-con-boxed e-con e-child\" data-id=\"5a8a8d0\" data-element_type=\"container\" data-e-type=\"container\">\n\t\t\t\t\t<div class=\"e-con-inner\">\n\t\t\t\t<div class=\"elementor-element elementor-element-0af4699 elementor-widget elementor-widget-heading\" data-id=\"0af4699\" data-element_type=\"widget\" data-e-type=\"widget\" data-widget_type=\"heading.default\">\n\t\t\t\t<div class=\"elementor-widget-container\">\n\t\t\t\t\t<h2 class=\"elementor-heading-title elementor-size-default\">La nostra missione<\/h2>\t\t\t\t<\/div>\n\t\t\t\t<\/div>\n\t\t\t\t<div class=\"elementor-element elementor-element-f3c53b9 elementor-widget elementor-widget-text-editor\" data-id=\"f3c53b9\" data-element_type=\"widget\" data-e-type=\"widget\" data-widget_type=\"text-editor.default\">\n\t\t\t\t<div class=\"elementor-widget-container\">\n\t\t\t\t\t\t\t\t\t<p>La nostra missione \u00e8 semplice, ma fondamentale: mettere in contatto le persone con la bont\u00e0 della natura. Ci impegniamo affinch\u00e9 tutti i consumatori possano avere accesso a prodotti nutrienti, salutari e gustosi adottando pratiche agricole sostenibili e responsabili.<\/p>\t\t\t\t\t\t\t\t<\/div>\n\t\t\t\t<\/div>\n\t\t\t\t\t<\/div>\n\t\t\t\t<\/div>\n\t\t\t\t<\/div>\n\t\t\t\t\t<\/div>\n\t\t\t\t<\/div>\n\t\t<div class=\"elementor-element elementor-element-9f6b413 e-flex e-con-boxed e-con e-parent\" data-id=\"9f6b413\" data-element_type=\"container\" data-e-type=\"container\">\n\t\t\t\t\t<div class=\"e-con-inner\">\n\t\t<div class=\"elementor-element elementor-element-62f5a0a e-con-full e-flex e-con e-child\" data-id=\"62f5a0a\" data-element_type=\"container\" data-e-type=\"container\">\n\t\t\t\t<div class=\"elementor-element elementor-element-348bc79 elementor-widget elementor-widget-heading\" data-id=\"348bc79\" data-element_type=\"widget\" data-e-type=\"widget\" data-widget_type=\"heading.default\">\n\t\t\t\t<div class=\"elementor-widget-container\">\n\t\t\t\t\t<h2 class=\"elementor-heading-title elementor-size-default\">Eccellenza dal Campo alla Tavola<\/h2>\t\t\t\t<\/div>\n\t\t\t\t<\/div>\n\t\t\t\t<div class=\"elementor-element elementor-element-fc5c495 elementor-widget elementor-widget-text-editor\" data-id=\"fc5c495\" data-element_type=\"widget\" data-e-type=\"widget\" data-widget_type=\"text-editor.default\">\n\t\t\t\t<div class=\"elementor-widget-container\">\n\t\t\t\t\t\t\t\t\t<p>Da VeggieHouse, comprendiamo l'importanza di ogni fase della catena di approvvigionamento. Dalla selezione attenta dei migliori produttori e agricoltori alla gestione e imballaggio meticolosi, manteniamo un impegno costante per la qualit\u00e0 in ogni fase. Il nostro approccio 'dal campo alla tavola' garantisce che tu riceva sempre prodotti freschi, saporiti e salutari.<\/p>\t\t\t\t\t\t\t\t<\/div>\n\t\t\t\t<\/div>\n\t\t\t\t<\/div>\n\t\t<div class=\"elementor-element elementor-element-83f71a9 e-con-full e-flex e-con e-child\" data-id=\"83f71a9\" data-element_type=\"container\" data-e-type=\"container\">\n\t\t\t\t<div class=\"elementor-element elementor-element-8f02f7e elementor-widget elementor-widget-heading\" data-id=\"8f02f7e\" data-element_type=\"widget\" data-e-type=\"widget\" data-widget_type=\"heading.default\">\n\t\t\t\t<div class=\"elementor-widget-container\">\n\t\t\t\t\t<h2 class=\"elementor-heading-title elementor-size-default\">I Nostri Prodotti<\/h2>\t\t\t\t<\/div>\n\t\t\t\t<\/div>\n\t\t\t\t<div class=\"elementor-element elementor-element-c864958 elementor-widget elementor-widget-text-editor\" data-id=\"c864958\" data-element_type=\"widget\" data-e-type=\"widget\" data-widget_type=\"text-editor.default\">\n\t\t\t\t<div class=\"elementor-widget-container\">\n\t\t\t\t\t\t\t\t\t<p>Siamo specializzati nell'esportazione di una vasta gamma di frutta e verdura, raccolti a mano al loro massimo grado di maturazione. Che si tratti dei colori vivaci dei pomodori olandesi, della dolcezza delle arance sudafricane, della croccantezza delle carote francesi o della bont\u00e0 terrosa del sedano rapa olandese, la nostra gamma diversificata di prodotti soddisfa tutti i gusti e le preferenze.<\/p>\t\t\t\t\t\t\t\t<\/div>\n\t\t\t\t<\/div>\n\t\t\t\t<\/div>\n\t\t\t\t\t<\/div>\n\t\t\t\t<\/div>\n\t\t<div class=\"elementor-element elementor-element-a97901a e-con-full e-flex e-con e-parent\" data-id=\"a97901a\" data-element_type=\"container\" data-e-type=\"container\" data-settings=\"{&quot;background_background&quot;:&quot;classic&quot;}\">\n\t\t\t\t<div class=\"elementor-element elementor-element-80a84c8 elementor-widget elementor-widget-image-carousel\" data-id=\"80a84c8\" data-element_type=\"widget\" data-e-type=\"widget\" data-settings=\"{&quot;slides_to_show&quot;:&quot;4&quot;,&quot;navigation&quot;:&quot;none&quot;,&quot;image_spacing_custom&quot;:{&quot;unit&quot;:&quot;px&quot;,&quot;size&quot;:10,&quot;sizes&quot;:[]},&quot;autoplay_speed&quot;:2000,&quot;autoplay&quot;:&quot;yes&quot;,&quot;pause_on_hover&quot;:&quot;yes&quot;,&quot;pause_on_interaction&quot;:&quot;yes&quot;,&quot;infinite&quot;:&quot;yes&quot;,&quot;speed&quot;:500,&quot;image_spacing_custom_tablet&quot;:{&quot;unit&quot;:&quot;px&quot;,&quot;size&quot;:&quot;&quot;,&quot;sizes&quot;:[]},&quot;image_spacing_custom_mobile&quot;:{&quot;unit&quot;:&quot;px&quot;,&quot;size&quot;:&quot;&quot;,&quot;sizes&quot;:[]}}\" data-widget_type=\"image-carousel.default\">\n\t\t\t\t<div class=\"elementor-widget-container\">\n\t\t\t\t\t\t\t<div class=\"elementor-image-carousel-wrapper swiper\" role=\"region\" aria-roledescription=\"carousel\" aria-label=\"Image Carousel\" dir=\"ltr\">\n\t\t\t<div class=\"elementor-image-carousel swiper-wrapper\" aria-live=\"off\">\n\t\t\t\t\t\t\t\t<div class=\"swiper-slide\" role=\"group\" aria-roledescription=\"slide\" aria-label=\"1 of 11\"><figure class=\"swiper-slide-inner\"><img decoding=\"async\" class=\"swiper-slide-image\" src=\"https:\/\/veggiehouse.nl\/wp-content\/uploads\/elementor\/thumbs\/shutterstock_739384663-qmzsgzwj1y023y4yo1w7t02q8qxid78mgakitwss6w.webp\" alt=\"sprouts\" \/><\/figure><\/div><div class=\"swiper-slide\" role=\"group\" aria-roledescription=\"slide\" aria-label=\"2 of 11\"><figure class=\"swiper-slide-inner\"><img decoding=\"async\" class=\"swiper-slide-image\" src=\"https:\/\/veggiehouse.nl\/wp-content\/uploads\/elementor\/thumbs\/shutterstock_2268881625-qmzsh7f8kmacotu1g558cy6eztwg2s2h5bseo4hmt4.webp\" alt=\"shutterstock_2268881625\" \/><\/figure><\/div><div class=\"swiper-slide\" role=\"group\" aria-roledescription=\"slide\" aria-label=\"3 of 11\"><figure class=\"swiper-slide-inner\"><img decoding=\"async\" class=\"swiper-slide-image\" src=\"https:\/\/veggiehouse.nl\/wp-content\/uploads\/elementor\/thumbs\/shutterstock_744081817-qmzsh3nvta57edzi23iq2z4kmaez7znjst6gr0n7i0.webp\" alt=\"celeriac\" \/><\/figure><\/div><div class=\"swiper-slide\" role=\"group\" aria-roledescription=\"slide\" aria-label=\"4 of 11\"><figure class=\"swiper-slide-inner\"><img decoding=\"async\" class=\"swiper-slide-image\" src=\"https:\/\/veggiehouse.nl\/wp-content\/uploads\/elementor\/thumbs\/shutterstock_587920652-qmzshc4fisgsavn7op6d7ezpyr9a59l4tz1u2iany0.webp\" alt=\"shutterstock_587920652\" \/><\/figure><\/div><div class=\"swiper-slide\" role=\"group\" aria-roledescription=\"slide\" aria-label=\"5 of 11\"><figure class=\"swiper-slide-inner\"><img decoding=\"async\" class=\"swiper-slide-image\" src=\"https:\/\/veggiehouse.nl\/wp-content\/uploads\/elementor\/thumbs\/shutterstock_2168893749-qmzshe03wgjcy3khdpzmcein5j00knsli8ct127vlk.webp\" alt=\"shutterstock_2168893749\" \/><\/figure><\/div><div class=\"swiper-slide\" role=\"group\" aria-roledescription=\"slide\" aria-label=\"6 of 11\"><figure class=\"swiper-slide-inner\"><img decoding=\"async\" class=\"swiper-slide-image\" src=\"https:\/\/veggiehouse.nl\/wp-content\/uploads\/elementor\/thumbs\/shutterstock_2024211716-qmzshb6lbyfhz9oku6rqmx89dddwxkhehuecl8c248.webp\" alt=\"shutterstock_2024211716\" \/><\/figure><\/div><div class=\"swiper-slide\" role=\"group\" aria-roledescription=\"slide\" aria-label=\"7 of 11\"><figure class=\"swiper-slide-inner\"><img decoding=\"async\" class=\"swiper-slide-image\" src=\"https:\/\/veggiehouse.nl\/wp-content\/uploads\/elementor\/thumbs\/shutterstock_2164257047-qmzshd29pmi2mhluj7kzrwr6k54ncyov63pbjs99rs.webp\" alt=\"shutterstock_2164257047\" \/><\/figure><\/div><div class=\"swiper-slide\" role=\"group\" aria-roledescription=\"slide\" aria-label=\"8 of 11\"><figure class=\"swiper-slide-inner\"><img decoding=\"async\" class=\"swiper-slide-image\" src=\"https:\/\/veggiehouse.nl\/wp-content\/uploads\/elementor\/thumbs\/shutterstock_2238680161-qmzsh6heds92d7velmqlsgeyeg12v2yqt74x6uj0zc.webp\" alt=\"shutterstock_2238680161\" \/><\/figure><\/div><div class=\"swiper-slide\" role=\"group\" aria-roledescription=\"slide\" aria-label=\"9 of 11\"><figure class=\"swiper-slide-inner\"><img decoding=\"async\" class=\"swiper-slide-image\" src=\"https:\/\/veggiehouse.nl\/wp-content\/uploads\/elementor\/thumbs\/shutterstock_1895709-qmzshb6lbyfhz9oku6rqmx89dddwxkhehuecl8c248.webp\" alt=\"shutterstock_1895709\" \/><\/figure><\/div><div class=\"swiper-slide\" role=\"group\" aria-roledescription=\"slide\" aria-label=\"10 of 11\"><figure class=\"swiper-slide-inner\"><img decoding=\"async\" class=\"swiper-slide-image\" src=\"https:\/\/veggiehouse.nl\/wp-content\/uploads\/elementor\/thumbs\/shutterstock_261743690-qmzsh7f8kmacotu1g558cy6eztwg2s2h5bseo4hmt4.webp\" alt=\"shutterstock_261743690\" \/><\/figure><\/div><div class=\"swiper-slide\" role=\"group\" aria-roledescription=\"slide\" aria-label=\"11 of 11\"><figure class=\"swiper-slide-inner\"><img decoding=\"async\" class=\"swiper-slide-image\" src=\"https:\/\/veggiehouse.nl\/wp-content\/uploads\/elementor\/thumbs\/shutterstock_2300185741-qmzsh9awyacxc1rb55yhhxpc6ln6i69xtl3dmoeugo.webp\" alt=\"shutterstock_2300185741\" \/><\/figure><\/div>\t\t\t<\/div>\n\t\t\t\t\t\t\t\n\t\t\t\t\t\t\t\t\t<\/div>\n\t\t\t\t\t\t<\/div>\n\t\t\t\t<\/div>\n\t\t\t\t<\/div>\n\t\t<div class=\"elementor-element elementor-element-4ee61b0 e-flex e-con-boxed e-con e-parent\" data-id=\"4ee61b0\" data-element_type=\"container\" data-e-type=\"container\">\n\t\t\t\t\t<div class=\"e-con-inner\">\n\t\t<div class=\"elementor-element elementor-element-1e64413 e-con-full e-flex e-con e-child\" data-id=\"1e64413\" data-element_type=\"container\" data-e-type=\"container\">\n\t\t\t\t<div class=\"elementor-element elementor-element-121d6ae elementor-widget elementor-widget-heading\" data-id=\"121d6ae\" data-element_type=\"widget\" data-e-type=\"widget\" data-widget_type=\"heading.default\">\n\t\t\t\t<div class=\"elementor-widget-container\">\n\t\t\t\t\t<h2 class=\"elementor-heading-title elementor-size-default\">Sostenibilit\u00e0<\/h2>\t\t\t\t<\/div>\n\t\t\t\t<\/div>\n\t\t\t\t<div class=\"elementor-element elementor-element-2984aa2 elementor-widget elementor-widget-text-editor\" data-id=\"2984aa2\" data-element_type=\"widget\" data-e-type=\"widget\" data-widget_type=\"text-editor.default\">\n\t\t\t\t<div class=\"elementor-widget-container\">\n\t\t\t\t\t\t\t\t\t<p>VeggieHouse \u00e8 profondamente impegnata nella sostenibilit\u00e0 e nella responsabilit\u00e0 ambientale. Collaboriamo strettamente con le nostre aziende agricole partner per promuovere metodi di coltivazione ecologici che riducono l'impronta di carbonio e preservano l'integrit\u00e0 del nostro pianeta. Scegliendo VeggieHouse, non solo ottieni prodotti di alta qualit\u00e0, ma sostieni anche un futuro pi\u00f9 verde e sostenibile.<\/p>\t\t\t\t\t\t\t\t<\/div>\n\t\t\t\t<\/div>\n\t\t\t\t<\/div>\n\t\t<div class=\"elementor-element elementor-element-e0a05b6 e-con-full e-flex e-con e-child\" data-id=\"e0a05b6\" data-element_type=\"container\" data-e-type=\"container\">\n\t\t\t\t<div class=\"elementor-element elementor-element-9c2684a elementor-widget elementor-widget-heading\" data-id=\"9c2684a\" data-element_type=\"widget\" data-e-type=\"widget\" data-widget_type=\"heading.default\">\n\t\t\t\t<div class=\"elementor-widget-container\">\n\t\t\t\t\t<h2 class=\"elementor-heading-title elementor-size-default\">Approccio Centrato sul Cliente<\/h2>\t\t\t\t<\/div>\n\t\t\t\t<\/div>\n\t\t\t\t<div class=\"elementor-element elementor-element-502a42a elementor-widget elementor-widget-text-editor\" data-id=\"502a42a\" data-element_type=\"widget\" data-e-type=\"widget\" data-widget_type=\"text-editor.default\">\n\t\t\t\t<div class=\"elementor-widget-container\">\n\t\t\t\t\t\t\t\t\t<p>I nostri clienti sono al centro di tutto ci\u00f2 che facciamo. Comprendiamo l'importanza della affidabilit\u00e0, della coerenza e della flessibilit\u00e0 nel soddisfare le tue esigenze uniche. VeggieHouse \u00e8 il tuo partner di fiducia, garantendo consegne puntuali, imballaggi personalizzati e un processo di ordinazione senza problemi.<\/p>\t\t\t\t\t\t\t\t<\/div>\n\t\t\t\t<\/div>\n\t\t\t\t<\/div>\n\t\t\t\t\t<\/div>\n\t\t\t\t<\/div>\n\t\t<div class=\"elementor-element elementor-element-7f0e7b2 e-flex e-con-boxed e-con e-parent\" data-id=\"7f0e7b2\" data-element_type=\"container\" data-e-type=\"container\">\n\t\t\t\t\t<div class=\"e-con-inner\">\n\t\t<div class=\"elementor-element elementor-element-465a7f5 e-con-full e-flex e-con e-child\" data-id=\"465a7f5\" data-element_type=\"container\" data-e-type=\"container\">\n\t\t\t\t<div class=\"elementor-element elementor-element-058bd67 elementor-widget elementor-widget-heading\" data-id=\"058bd67\" data-element_type=\"widget\" data-e-type=\"widget\" data-widget_type=\"heading.default\">\n\t\t\t\t<div class=\"elementor-widget-container\">\n\t\t\t\t\t<h2 class=\"elementor-heading-title elementor-size-default\">Partnership e Distribuzione<\/h2>\t\t\t\t<\/div>\n\t\t\t\t<\/div>\n\t\t\t\t<div class=\"elementor-element elementor-element-9ce401b elementor-widget elementor-widget-text-editor\" data-id=\"9ce401b\" data-element_type=\"widget\" data-e-type=\"widget\" data-widget_type=\"text-editor.default\">\n\t\t\t\t<div class=\"elementor-widget-container\">\n\t\t\t\t\t\t\t\t\t<p>Nel corso degli anni, VeggieHouse ha instaurato solide collaborazioni con coltivatori, distributori e rivenditori in tutta Europa. La nostra vasta rete ci consente di servire i clienti in diverse regioni in modo efficiente. Che tu sia un supermercato, un ristorante o un fornitore di servizi alimentari, abbiamo le soluzioni per soddisfare le tue esigenze di approvvigionamento.<\/p>\t\t\t\t\t\t\t\t<\/div>\n\t\t\t\t<\/div>\n\t\t\t\t<\/div>\n\t\t<div class=\"elementor-element elementor-element-2908496 e-con-full e-flex e-con e-child\" data-id=\"2908496\" data-element_type=\"container\" data-e-type=\"container\">\n\t\t\t\t<div class=\"elementor-element elementor-element-cd1448f elementor-widget elementor-widget-heading\" data-id=\"cd1448f\" data-element_type=\"widget\" data-e-type=\"widget\" data-widget_type=\"heading.default\">\n\t\t\t\t<div class=\"elementor-widget-container\">\n\t\t\t\t\t<h2 class=\"elementor-heading-title elementor-size-default\">Unisciti alla Famiglia VeggieHouse<\/h2>\t\t\t\t<\/div>\n\t\t\t\t<\/div>\n\t\t\t\t<div class=\"elementor-element elementor-element-4720594 elementor-widget elementor-widget-text-editor\" data-id=\"4720594\" data-element_type=\"widget\" data-e-type=\"widget\" data-widget_type=\"text-editor.default\">\n\t\t\t\t<div class=\"elementor-widget-container\">\n\t\t\t\t\t\t\t\t\t<p style=\"font-weight: 400;\">Da VeggieHouse, ti invitiamo a scoprire la differenza che freschezza, qualit\u00e0 e sostenibilit\u00e0 possono fare nei tuoi progetti culinari. Unisciti alla nostra crescente famiglia di clienti soddisfatti e intraprendi un viaggio di consumo gustoso e nutriente, sostenendo al contempo un\u2019agricoltura responsabile.<\/p><p style=\"font-weight: 400;\">\u00a0<\/p><p style=\"font-weight: 400;\">Scopri i benefici della natura con VeggieHouse \u2013 il tuo partner di fiducia per esportare i migliori frutti e verdure in tutta Europa.<\/p>\t\t\t\t\t\t\t\t<\/div>\n\t\t\t\t<\/div>\n\t\t\t\t<\/div>\n\t\t\t\t\t<\/div>\n\t\t\t\t<\/div>\n\t\t<div class=\"elementor-element elementor-element-15eeb50 e-con-full e-flex e-con e-parent\" data-id=\"15eeb50\" data-element_type=\"container\" data-e-type=\"container\" data-settings=\"{&quot;background_background&quot;:&quot;classic&quot;}\">\n\t\t\t\t<div class=\"elementor-element elementor-element-f936d67 elementor-widget elementor-widget-image-carousel\" data-id=\"f936d67\" data-element_type=\"widget\" data-e-type=\"widget\" data-settings=\"{&quot;slides_to_show&quot;:&quot;4&quot;,&quot;navigation&quot;:&quot;none&quot;,&quot;image_spacing_custom&quot;:{&quot;unit&quot;:&quot;px&quot;,&quot;size&quot;:10,&quot;sizes&quot;:[]},&quot;autoplay_speed&quot;:2000,&quot;slides_to_show_mobile&quot;:&quot;1&quot;,&quot;autoplay&quot;:&quot;yes&quot;,&quot;pause_on_hover&quot;:&quot;yes&quot;,&quot;pause_on_interaction&quot;:&quot;yes&quot;,&quot;infinite&quot;:&quot;yes&quot;,&quot;speed&quot;:500,&quot;image_spacing_custom_tablet&quot;:{&quot;unit&quot;:&quot;px&quot;,&quot;size&quot;:&quot;&quot;,&quot;sizes&quot;:[]}}\" data-widget_type=\"image-carousel.default\">\n\t\t\t\t<div class=\"elementor-widget-container\">\n\t\t\t\t\t\t\t<div class=\"elementor-image-carousel-wrapper swiper\" role=\"region\" aria-roledescription=\"carousel\" aria-label=\"Image Carousel\" dir=\"ltr\">\n\t\t\t<div class=\"elementor-image-carousel swiper-wrapper\" aria-live=\"off\">\n\t\t\t\t\t\t\t\t<div class=\"swiper-slide\" role=\"group\" aria-roledescription=\"slide\" aria-label=\"1 of 8\"><figure class=\"swiper-slide-inner\"><img decoding=\"async\" class=\"swiper-slide-image\" src=\"https:\/\/veggiehouse.nl\/wp-content\/uploads\/elementor\/thumbs\/shutterstock_516326848-qmzsh2q1mg3x2s0v7l43ihd40wjm0ajtgoiz9qolo8.webp\" alt=\"aubergine\" \/><\/figure><\/div><div class=\"swiper-slide\" role=\"group\" aria-roledescription=\"slide\" aria-label=\"2 of 8\"><figure class=\"swiper-slide-inner\"><img decoding=\"async\" class=\"swiper-slide-image\" src=\"https:\/\/veggiehouse.nl\/wp-content\/uploads\/elementor\/thumbs\/shutterstock_551917396-qmzsgx30hfw754924ioc3iscglbeq3xffwm2e2wypk.webp\" alt=\"ginger\" \/><\/figure><\/div><div class=\"swiper-slide\" role=\"group\" aria-roledescription=\"slide\" aria-label=\"3 of 8\"><figure class=\"swiper-slide-inner\"><img decoding=\"async\" class=\"swiper-slide-image\" src=\"https:\/\/veggiehouse.nl\/wp-content\/uploads\/elementor\/thumbs\/shutterstock_2362239481-qmzsh2q1mg3x2s0v7l43ihd40wjm0ajtgoiz9qolo8.webp\" alt=\"pears\" \/><\/figure><\/div><div class=\"swiper-slide\" role=\"group\" aria-roledescription=\"slide\" aria-label=\"4 of 8\"><figure class=\"swiper-slide-inner\"><img decoding=\"async\" class=\"swiper-slide-image\" src=\"https:\/\/veggiehouse.nl\/wp-content\/uploads\/elementor\/thumbs\/shutterstock_1756749521-qmzsgyyov3yrsc6btjhl8ib9nd255i4w45x1cmu6d4.webp\" alt=\"tomatoes\" \/><\/figure><\/div><div class=\"swiper-slide\" role=\"group\" aria-roledescription=\"slide\" aria-label=\"5 of 8\"><figure class=\"swiper-slide-inner\"><img decoding=\"async\" class=\"swiper-slide-image\" src=\"https:\/\/veggiehouse.nl\/wp-content\/uploads\/elementor\/thumbs\/shutterstock_2372264677.tomaat-qmzsh5jk6y7s1lwrr4bz7ynht25pndv0h2hfpkkf5k.webp\" alt=\"shutterstock_2372264677.tomaat\" \/><\/figure><\/div><div class=\"swiper-slide\" role=\"group\" aria-roledescription=\"slide\" aria-label=\"6 of 8\"><figure class=\"swiper-slide-inner\"><img decoding=\"async\" class=\"swiper-slide-image\" src=\"https:\/\/veggiehouse.nl\/wp-content\/uploads\/elementor\/thumbs\/shutterstock_2302330533-qmzsh9awyacxc1rb55yhhxpc6ln6i69xtl3dmoeugo.webp\" alt=\"shutterstock_2302330533\" \/><\/figure><\/div><div class=\"swiper-slide\" role=\"group\" aria-roledescription=\"slide\" aria-label=\"7 of 8\"><figure class=\"swiper-slide-inner\"><img decoding=\"async\" class=\"swiper-slide-image\" src=\"https:\/\/veggiehouse.nl\/wp-content\/uploads\/elementor\/thumbs\/shutterstock_388133221-qmzshd29pmi2mhluj7kzrwr6k54ncyov63pbjs99rs.webp\" alt=\"shutterstock_388133221\" \/><\/figure><\/div><div class=\"swiper-slide\" role=\"group\" aria-roledescription=\"slide\" aria-label=\"8 of 8\"><figure class=\"swiper-slide-inner\"><img decoding=\"async\" class=\"swiper-slide-image\" src=\"https:\/\/veggiehouse.nl\/wp-content\/uploads\/elementor\/thumbs\/shutterstock_2069981966-qmzsh9awyacxc1rb55yhhxpc6ln6i69xtl3dmoeugo.webp\" alt=\"shutterstock_2069981966\" \/><\/figure><\/div>\t\t\t<\/div>\n\t\t\t\t\t\t\t\n\t\t\t\t\t\t\t\t\t<\/div>\n\t\t\t\t\t\t<\/div>\n\t\t\t\t<\/div>\n\t\t\t\t<\/div>\n\t\t\t\t<\/div>","protected":false},"excerpt":{"rendered":"<p>About Us At VeggieHouse, we are passionate about providing the freshest and highest-quality fruits and vegetables to customers across Europe. As a dedicated exporter in the field-to-fork industry, we take great pride in our commitment to delivering nature\u2019s bounty from the source directly to your plate. Our Mission Our mission is simple yet powerful &#8211; [&hellip;]<\/p>\n","protected":false},"author":1,"featured_media":0,"parent":0,"menu_order":0,"comment_status":"closed","ping_status":"closed","template":"elementor_header_footer","meta":{"footnotes":""},"class_list":["post-17","page","type-page","status-publish","hentry"],"_links":{"self":[{"href":"https:\/\/veggiehouse.nl\/it\/wp-json\/wp\/v2\/pages\/17","targetHints":{"allow":["GET"]}}],"collection":[{"href":"https:\/\/veggiehouse.nl\/it\/wp-json\/wp\/v2\/pages"}],"about":[{"href":"https:\/\/veggiehouse.nl\/it\/wp-json\/wp\/v2\/types\/page"}],"author":[{"embeddable":true,"href":"https:\/\/veggiehouse.nl\/it\/wp-json\/wp\/v2\/users\/1"}],"replies":[{"embeddable":true,"href":"https:\/\/veggiehouse.nl\/it\/wp-json\/wp\/v2\/comments?post=17"}],"version-history":[{"count":55,"href":"https:\/\/veggiehouse.nl\/it\/wp-json\/wp\/v2\/pages\/17\/revisions"}],"predecessor-version":[{"id":852,"href":"https:\/\/veggiehouse.nl\/it\/wp-json\/wp\/v2\/pages\/17\/revisions\/852"}],"wp:attachment":[{"href":"https:\/\/veggiehouse.nl\/it\/wp-json\/wp\/v2\/media?parent=17"}],"curies":[{"name":"wp","href":"https:\/\/api.w.org\/{rel}","templated":true}]}}